{"id":42537,"date":"2025-02-24T18:21:01","date_gmt":"2025-02-24T18:21:01","guid":{"rendered":"https:\/\/timbre-online.com\/?post_type=product&#038;p=42537"},"modified":"2025-12-31T16:26:31","modified_gmt":"2025-12-31T16:26:31","slug":"cehoslovacia-1958-85-de-ani-de-la-nasterea-lui-maximilian-svabinsky","status":"publish","type":"product","link":"https:\/\/timbre-online.com\/en\/product\/cehoslovacia-1958-85-de-ani-de-la-nasterea-lui-maximilian-svabinsky\/","title":{"rendered":"Cehoslovacia-1958-85 de ani de la nasterea lui Maximili\u00e1n \u0160vabinsk\u00fd."},"content":{"rendered":"","protected":false},"excerpt":{"rendered":"<p>Cehoslovacia-1958-85 de ani de la nasterea lui Maximili\u00e1n \u0160vabinsk\u00fd.<br \/>\nMichel 1092<\/p>","protected":false},"featured_media":42545,"template":"","meta":[],"product_cat":[794,51],"product_tag":[120],"_links":{"self":[{"href":"https:\/\/timbre-online.com\/en\/wp-json\/wp\/v2\/product\/42537"}],"collection":[{"href":"https:\/\/timbre-online.com\/en\/wp-json\/wp\/v2\/product"}],"about":[{"href":"https:\/\/timbre-online.com\/en\/wp-json\/wp\/v2\/types\/product"}],"wp:featuredmedia":[{"embeddable":true,"href":"https:\/\/timbre-online.com\/en\/wp-json\/wp\/v2\/media\/42545"}],"wp:attachment":[{"href":"https:\/\/timbre-online.com\/en\/wp-json\/wp\/v2\/media?parent=42537"}],"wp:term":[{"taxonomy":"product_cat","embeddable":true,"href":"https:\/\/timbre-online.com\/en\/wp-json\/wp\/v2\/product_cat?post=42537"},{"taxonomy":"product_tag","embeddable":true,"href":"https:\/\/timbre-online.com\/en\/wp-json\/wp\/v2\/product_tag?post=42537"}],"curies":[{"name":"wp","href":"https:\/\/api.w.org\/{rel}","templated":true}]}}