{"id":27308,"date":"2023-03-12T21:37:34","date_gmt":"2023-03-12T21:37:34","guid":{"rendered":"http:\/\/timbre-online.com\/?post_type=product&#038;p=27308"},"modified":"2023-03-12T21:37:45","modified_gmt":"2023-03-12T21:37:45","slug":"1969-25-de-ani-de-cercetare-stiintifica-constanta-in-antarctica-2","status":"publish","type":"product","link":"https:\/\/timbre-online.com\/en\/product\/1969-25-de-ani-de-cercetare-stiintifica-constanta-in-antarctica-2\/","title":{"rendered":"1969-25 de ani de cercetare \u0219tiin\u021bific\u0103 constant\u0103 \u00een Antarctica."},"content":{"rendered":"","protected":false},"excerpt":{"rendered":"<p>1969-25 de ani de cercetare \u0219tiin\u021bific\u0103 constant\u0103 \u00een Antarctica. &#8211; serie nestampilata<br \/>\nMichel 20-23<\/p>","protected":false},"featured_media":24059,"template":"","meta":[],"product_cat":[137,51],"product_tag":[296,413],"_links":{"self":[{"href":"https:\/\/timbre-online.com\/en\/wp-json\/wp\/v2\/product\/27308"}],"collection":[{"href":"https:\/\/timbre-online.com\/en\/wp-json\/wp\/v2\/product"}],"about":[{"href":"https:\/\/timbre-online.com\/en\/wp-json\/wp\/v2\/types\/product"}],"wp:featuredmedia":[{"embeddable":true,"href":"https:\/\/timbre-online.com\/en\/wp-json\/wp\/v2\/media\/24059"}],"wp:attachment":[{"href":"https:\/\/timbre-online.com\/en\/wp-json\/wp\/v2\/media?parent=27308"}],"wp:term":[{"taxonomy":"product_cat","embeddable":true,"href":"https:\/\/timbre-online.com\/en\/wp-json\/wp\/v2\/product_cat?post=27308"},{"taxonomy":"product_tag","embeddable":true,"href":"https:\/\/timbre-online.com\/en\/wp-json\/wp\/v2\/product_tag?post=27308"}],"curies":[{"name":"wp","href":"https:\/\/api.w.org\/{rel}","templated":true}]}}