{"id":27225,"date":"2023-03-11T19:17:55","date_gmt":"2023-03-11T19:17:55","guid":{"rendered":"http:\/\/timbre-online.com\/?post_type=product&#038;p=27225"},"modified":"2025-05-04T15:58:58","modified_gmt":"2025-05-04T15:58:58","slug":"2000-expozitia-internationala-de-timbre-wipa-2000-viena-dirigibile","status":"publish","type":"product","link":"https:\/\/timbre-online.com\/en\/product\/2000-expozitia-internationala-de-timbre-wipa-2000-viena-dirigibile\/","title":{"rendered":"2000-Expozi\u0163ia interna\u0163ional\u0103 de timbre WIPA 2000, Viena: Dirigibile."},"content":{"rendered":"","protected":false},"excerpt":{"rendered":"<p>2000-Expozi\u0163ia interna\u0163ional\u0103 de timbre WIPA 2000, Viena: Dirigibile.<br \/>\nMichel 4276-4280 + bloc 159\u00a0 nestampilate<\/p>","protected":false},"featured_media":27226,"template":"","meta":[],"product_cat":[517,51],"product_tag":[437,118],"_links":{"self":[{"href":"https:\/\/timbre-online.com\/en\/wp-json\/wp\/v2\/product\/27225"}],"collection":[{"href":"https:\/\/timbre-online.com\/en\/wp-json\/wp\/v2\/product"}],"about":[{"href":"https:\/\/timbre-online.com\/en\/wp-json\/wp\/v2\/types\/product"}],"wp:featuredmedia":[{"embeddable":true,"href":"https:\/\/timbre-online.com\/en\/wp-json\/wp\/v2\/media\/27226"}],"wp:attachment":[{"href":"https:\/\/timbre-online.com\/en\/wp-json\/wp\/v2\/media?parent=27225"}],"wp:term":[{"taxonomy":"product_cat","embeddable":true,"href":"https:\/\/timbre-online.com\/en\/wp-json\/wp\/v2\/product_cat?post=27225"},{"taxonomy":"product_tag","embeddable":true,"href":"https:\/\/timbre-online.com\/en\/wp-json\/wp\/v2\/product_tag?post=27225"}],"curies":[{"name":"wp","href":"https:\/\/api.w.org\/{rel}","templated":true}]}}