{"id":27167,"date":"2023-03-05T22:01:03","date_gmt":"2023-03-05T22:01:03","guid":{"rendered":"http:\/\/timbre-online.com\/?post_type=product&#038;p=27167"},"modified":"2023-03-05T22:03:33","modified_gmt":"2023-03-05T22:03:33","slug":"1976-100-de-ani-de-uniune-postala-universala-upu-includerea-guineei-bissau-in-uniunea-postala-universala","status":"publish","type":"product","link":"https:\/\/timbre-online.com\/en\/product\/1976-100-de-ani-de-uniune-postala-universala-upu-includerea-guineei-bissau-in-uniunea-postala-universala\/","title":{"rendered":"1976-100 de ani de Uniune Po\u0219tal\u0103 Universal\u0103 (UPU); Includerea Guineei-Bissau \u00een Uniunea Po\u0219tal\u0103 Universal\u0103."},"content":{"rendered":"","protected":false},"excerpt":{"rendered":"<p>1976-100 de ani de Uniune Po\u0219tal\u0103 Universal\u0103 (UPU); Includerea Guineei-Bissau \u00een Uniunea Po\u0219tal\u0103 Universal\u0103.<br \/>\nMichel 374-379 + bloc 11 &#8211; Nestampilat<\/p>","protected":false},"featured_media":27168,"template":"","meta":[],"product_cat":[225,51],"product_tag":[120,171],"_links":{"self":[{"href":"https:\/\/timbre-online.com\/en\/wp-json\/wp\/v2\/product\/27167"}],"collection":[{"href":"https:\/\/timbre-online.com\/en\/wp-json\/wp\/v2\/product"}],"about":[{"href":"https:\/\/timbre-online.com\/en\/wp-json\/wp\/v2\/types\/product"}],"wp:featuredmedia":[{"embeddable":true,"href":"https:\/\/timbre-online.com\/en\/wp-json\/wp\/v2\/media\/27168"}],"wp:attachment":[{"href":"https:\/\/timbre-online.com\/en\/wp-json\/wp\/v2\/media?parent=27167"}],"wp:term":[{"taxonomy":"product_cat","embeddable":true,"href":"https:\/\/timbre-online.com\/en\/wp-json\/wp\/v2\/product_cat?post=27167"},{"taxonomy":"product_tag","embeddable":true,"href":"https:\/\/timbre-online.com\/en\/wp-json\/wp\/v2\/product_tag?post=27167"}],"curies":[{"name":"wp","href":"https:\/\/api.w.org\/{rel}","templated":true}]}}