{"id":27153,"date":"2023-03-05T21:38:13","date_gmt":"2023-03-05T21:38:13","guid":{"rendered":"http:\/\/timbre-online.com\/?post_type=product&#038;p=27153"},"modified":"2025-12-07T18:10:19","modified_gmt":"2025-12-07T18:10:19","slug":"1968-80-de-ani-de-la-gradina-zoologica-sofia","status":"publish","type":"product","link":"https:\/\/timbre-online.com\/en\/product\/1968-80-de-ani-de-la-gradina-zoologica-sofia\/","title":{"rendered":"1968-80 de ani de la Gr\u0103dina Zoologic\u0103, Sofia."},"content":{"rendered":"","protected":false},"excerpt":{"rendered":"<p>1968-80 de ani de la Gr\u0103dina Zoologic\u0103, Sofia.<br \/>\nMichel 1819-1824 &#8211; nestampilat<\/p>","protected":false},"featured_media":27154,"template":"","meta":[],"product_cat":[635,51],"product_tag":[527],"_links":{"self":[{"href":"https:\/\/timbre-online.com\/en\/wp-json\/wp\/v2\/product\/27153"}],"collection":[{"href":"https:\/\/timbre-online.com\/en\/wp-json\/wp\/v2\/product"}],"about":[{"href":"https:\/\/timbre-online.com\/en\/wp-json\/wp\/v2\/types\/product"}],"wp:featuredmedia":[{"embeddable":true,"href":"https:\/\/timbre-online.com\/en\/wp-json\/wp\/v2\/media\/27154"}],"wp:attachment":[{"href":"https:\/\/timbre-online.com\/en\/wp-json\/wp\/v2\/media?parent=27153"}],"wp:term":[{"taxonomy":"product_cat","embeddable":true,"href":"https:\/\/timbre-online.com\/en\/wp-json\/wp\/v2\/product_cat?post=27153"},{"taxonomy":"product_tag","embeddable":true,"href":"https:\/\/timbre-online.com\/en\/wp-json\/wp\/v2\/product_tag?post=27153"}],"curies":[{"name":"wp","href":"https:\/\/api.w.org\/{rel}","templated":true}]}}