{"id":26850,"date":"2023-02-14T09:44:01","date_gmt":"2023-02-14T09:44:01","guid":{"rendered":"http:\/\/timbre-online.com\/?post_type=product&#038;p=26850"},"modified":"2024-10-27T09:40:38","modified_gmt":"2024-10-27T09:40:38","slug":"2021-manastirile-bisericii-ortodoxe-ruse-vii-800-de-ani-de-la-manastirea-buna-vestire-nijni-novgorod","status":"publish","type":"product","link":"https:\/\/timbre-online.com\/en\/product\/2021-manastirile-bisericii-ortodoxe-ruse-vii-800-de-ani-de-la-manastirea-buna-vestire-nijni-novgorod\/","title":{"rendered":"2021-M\u0103n\u0103stirile Bisericii Ortodoxe Ruse (VII): 800 de ani de la M\u0103n\u0103stirea Buna Vestire, Nijni Novgorod."},"content":{"rendered":"","protected":false},"excerpt":{"rendered":"<p>2021-Russian M\u0103n\u0103stirile Bisericii Ortodoxe Ruse (VII): 800 de ani de la M\u0103n\u0103stirea Buna Vestire, Nijni Novgorod.<br \/>\nMichel &#8211; 3026 &#8211; nestampilat<\/p>","protected":false},"featured_media":26851,"template":"","meta":[],"product_cat":[565],"product_tag":[249],"_links":{"self":[{"href":"https:\/\/timbre-online.com\/en\/wp-json\/wp\/v2\/product\/26850"}],"collection":[{"href":"https:\/\/timbre-online.com\/en\/wp-json\/wp\/v2\/product"}],"about":[{"href":"https:\/\/timbre-online.com\/en\/wp-json\/wp\/v2\/types\/product"}],"wp:featuredmedia":[{"embeddable":true,"href":"https:\/\/timbre-online.com\/en\/wp-json\/wp\/v2\/media\/26851"}],"wp:attachment":[{"href":"https:\/\/timbre-online.com\/en\/wp-json\/wp\/v2\/media?parent=26850"}],"wp:term":[{"taxonomy":"product_cat","embeddable":true,"href":"https:\/\/timbre-online.com\/en\/wp-json\/wp\/v2\/product_cat?post=26850"},{"taxonomy":"product_tag","embeddable":true,"href":"https:\/\/timbre-online.com\/en\/wp-json\/wp\/v2\/product_tag?post=26850"}],"curies":[{"name":"wp","href":"https:\/\/api.w.org\/{rel}","templated":true}]}}