{"id":26781,"date":"2023-02-13T16:20:35","date_gmt":"2023-02-13T16:20:35","guid":{"rendered":"http:\/\/timbre-online.com\/?post_type=product&#038;p=26781"},"modified":"2025-11-01T20:15:50","modified_gmt":"2025-11-01T20:15:50","slug":"2015-navele-marinei-regale-in-primul-razboi-mondial","status":"publish","type":"product","link":"https:\/\/timbre-online.com\/en\/product\/2015-navele-marinei-regale-in-primul-razboi-mondial\/","title":{"rendered":"2015-Navele Marinei Regale \u00een Primul R\u0103zboi Mondial."},"content":{"rendered":"","protected":false},"excerpt":{"rendered":"<p>2015-Navele Marinei Regale \u00een Primul R\u0103zboi Mondial.<br \/>\nMichel 9015-9046 = 2 klb<\/p>","protected":false},"featured_media":26782,"template":"","meta":[],"product_cat":[213,51],"product_tag":[570],"_links":{"self":[{"href":"https:\/\/timbre-online.com\/en\/wp-json\/wp\/v2\/product\/26781"}],"collection":[{"href":"https:\/\/timbre-online.com\/en\/wp-json\/wp\/v2\/product"}],"about":[{"href":"https:\/\/timbre-online.com\/en\/wp-json\/wp\/v2\/types\/product"}],"wp:featuredmedia":[{"embeddable":true,"href":"https:\/\/timbre-online.com\/en\/wp-json\/wp\/v2\/media\/26782"}],"wp:attachment":[{"href":"https:\/\/timbre-online.com\/en\/wp-json\/wp\/v2\/media?parent=26781"}],"wp:term":[{"taxonomy":"product_cat","embeddable":true,"href":"https:\/\/timbre-online.com\/en\/wp-json\/wp\/v2\/product_cat?post=26781"},{"taxonomy":"product_tag","embeddable":true,"href":"https:\/\/timbre-online.com\/en\/wp-json\/wp\/v2\/product_tag?post=26781"}],"curies":[{"name":"wp","href":"https:\/\/api.w.org\/{rel}","templated":true}]}}