{"id":26750,"date":"2023-02-13T09:12:22","date_gmt":"2023-02-13T09:12:22","guid":{"rendered":"http:\/\/timbre-online.com\/?post_type=product&#038;p=26750"},"modified":"2025-11-15T16:17:37","modified_gmt":"2025-11-15T16:17:37","slug":"2013-pasari-cantatoare","status":"publish","type":"product","link":"https:\/\/timbre-online.com\/en\/product\/2013-pasari-cantatoare\/","title":{"rendered":"2013-Germania-P\u0103s\u0103ri c\u00e2nt\u0103toare."},"content":{"rendered":"","protected":false},"excerpt":{"rendered":"<p>2013-Germania-P\u0103s\u0103ri c\u00e2nt\u0103toare.<br \/>\nMichel 3023-3025- nestampilat<\/p>","protected":false},"featured_media":26751,"template":"","meta":[],"product_cat":[566],"product_tag":[94],"_links":{"self":[{"href":"https:\/\/timbre-online.com\/en\/wp-json\/wp\/v2\/product\/26750"}],"collection":[{"href":"https:\/\/timbre-online.com\/en\/wp-json\/wp\/v2\/product"}],"about":[{"href":"https:\/\/timbre-online.com\/en\/wp-json\/wp\/v2\/types\/product"}],"wp:featuredmedia":[{"embeddable":true,"href":"https:\/\/timbre-online.com\/en\/wp-json\/wp\/v2\/media\/26751"}],"wp:attachment":[{"href":"https:\/\/timbre-online.com\/en\/wp-json\/wp\/v2\/media?parent=26750"}],"wp:term":[{"taxonomy":"product_cat","embeddable":true,"href":"https:\/\/timbre-online.com\/en\/wp-json\/wp\/v2\/product_cat?post=26750"},{"taxonomy":"product_tag","embeddable":true,"href":"https:\/\/timbre-online.com\/en\/wp-json\/wp\/v2\/product_tag?post=26750"}],"curies":[{"name":"wp","href":"https:\/\/api.w.org\/{rel}","templated":true}]}}