{"id":25232,"date":"2022-12-21T18:13:24","date_gmt":"2022-12-21T18:13:24","guid":{"rendered":"http:\/\/timbre-online.com\/?post_type=product&#038;p=25232"},"modified":"2022-12-24T13:09:09","modified_gmt":"2022-12-24T13:09:09","slug":"2015-cercetarea-climatica-in-adelieland","status":"publish","type":"product","link":"https:\/\/timbre-online.com\/en\/product\/2015-cercetarea-climatica-in-adelieland\/","title":{"rendered":"2015 &#8211; Cercetarea climatic\u0103 \u00een Adelieland."},"content":{"rendered":"","protected":false},"excerpt":{"rendered":"<p>2015 &#8211; Cercetarea climatic\u0103 \u00een Adelieland.<\/p>\n<p>Michel bloc 46 &#8211; nestampilat<\/p>","protected":false},"featured_media":25233,"template":"","meta":[],"product_cat":[551],"product_tag":[413],"_links":{"self":[{"href":"https:\/\/timbre-online.com\/en\/wp-json\/wp\/v2\/product\/25232"}],"collection":[{"href":"https:\/\/timbre-online.com\/en\/wp-json\/wp\/v2\/product"}],"about":[{"href":"https:\/\/timbre-online.com\/en\/wp-json\/wp\/v2\/types\/product"}],"wp:featuredmedia":[{"embeddable":true,"href":"https:\/\/timbre-online.com\/en\/wp-json\/wp\/v2\/media\/25233"}],"wp:attachment":[{"href":"https:\/\/timbre-online.com\/en\/wp-json\/wp\/v2\/media?parent=25232"}],"wp:term":[{"taxonomy":"product_cat","embeddable":true,"href":"https:\/\/timbre-online.com\/en\/wp-json\/wp\/v2\/product_cat?post=25232"},{"taxonomy":"product_tag","embeddable":true,"href":"https:\/\/timbre-online.com\/en\/wp-json\/wp\/v2\/product_tag?post=25232"}],"curies":[{"name":"wp","href":"https:\/\/api.w.org\/{rel}","templated":true}]}}