{"id":25100,"date":"2022-12-12T15:21:58","date_gmt":"2022-12-12T15:21:58","guid":{"rendered":"http:\/\/timbre-online.com\/?post_type=product&#038;p=25100"},"modified":"2022-12-24T13:09:09","modified_gmt":"2022-12-24T13:09:09","slug":"2015-descoperirea-a-inca-doua-colonii-de-pinguini-imparati-in-adelieland","status":"publish","type":"product","link":"https:\/\/timbre-online.com\/en\/product\/2015-descoperirea-a-inca-doua-colonii-de-pinguini-imparati-in-adelieland\/","title":{"rendered":"2015 &#8211; Descoperirea a \u00eenc\u0103 dou\u0103 colonii de pinguini \u00eemp\u0103ra\u021bi \u00een Adelieland."},"content":{"rendered":"","protected":false},"excerpt":{"rendered":"<p>2015 -Descoperirea a \u00eenc\u0103 dou\u0103 colonii de pinguini \u00eemp\u0103ra\u021bi \u00een Adelieland.<br \/>\nMichel 884\u00a0 &#8211; nestampilat<\/p>","protected":false},"featured_media":25101,"template":"","meta":[],"product_cat":[551],"product_tag":[139],"_links":{"self":[{"href":"https:\/\/timbre-online.com\/en\/wp-json\/wp\/v2\/product\/25100"}],"collection":[{"href":"https:\/\/timbre-online.com\/en\/wp-json\/wp\/v2\/product"}],"about":[{"href":"https:\/\/timbre-online.com\/en\/wp-json\/wp\/v2\/types\/product"}],"wp:featuredmedia":[{"embeddable":true,"href":"https:\/\/timbre-online.com\/en\/wp-json\/wp\/v2\/media\/25101"}],"wp:attachment":[{"href":"https:\/\/timbre-online.com\/en\/wp-json\/wp\/v2\/media?parent=25100"}],"wp:term":[{"taxonomy":"product_cat","embeddable":true,"href":"https:\/\/timbre-online.com\/en\/wp-json\/wp\/v2\/product_cat?post=25100"},{"taxonomy":"product_tag","embeddable":true,"href":"https:\/\/timbre-online.com\/en\/wp-json\/wp\/v2\/product_tag?post=25100"}],"curies":[{"name":"wp","href":"https:\/\/api.w.org\/{rel}","templated":true}]}}