{"id":23752,"date":"2022-09-11T20:42:29","date_gmt":"2022-09-11T20:42:29","guid":{"rendered":"http:\/\/timbre-online.com\/?post_type=product&#038;p=23752"},"modified":"2025-08-30T18:02:42","modified_gmt":"2025-08-30T18:02:42","slug":"1987-25-de-ani-de-calatorii-in-spatiu-cu-echipaj","status":"publish","type":"product","link":"https:\/\/timbre-online.com\/en\/product\/1987-25-de-ani-de-calatorii-in-spatiu-cu-echipaj\/","title":{"rendered":"1987 &#8211; 25 de ani de c\u0103l\u0103torii \u00een spa\u021biu cu echipaj."},"content":{"rendered":"","protected":false},"excerpt":{"rendered":"<p>1987 &#8211; 25 de ani de c\u0103l\u0103torii \u00een spa\u021biu cu echipaj. &#8211; serie nestampilata<br \/>\nMichel 429-432<\/p>","protected":false},"featured_media":23753,"template":"","meta":[],"product_cat":[56,51],"product_tag":[251],"_links":{"self":[{"href":"https:\/\/timbre-online.com\/en\/wp-json\/wp\/v2\/product\/23752"}],"collection":[{"href":"https:\/\/timbre-online.com\/en\/wp-json\/wp\/v2\/product"}],"about":[{"href":"https:\/\/timbre-online.com\/en\/wp-json\/wp\/v2\/types\/product"}],"wp:featuredmedia":[{"embeddable":true,"href":"https:\/\/timbre-online.com\/en\/wp-json\/wp\/v2\/media\/23753"}],"wp:attachment":[{"href":"https:\/\/timbre-online.com\/en\/wp-json\/wp\/v2\/media?parent=23752"}],"wp:term":[{"taxonomy":"product_cat","embeddable":true,"href":"https:\/\/timbre-online.com\/en\/wp-json\/wp\/v2\/product_cat?post=23752"},{"taxonomy":"product_tag","embeddable":true,"href":"https:\/\/timbre-online.com\/en\/wp-json\/wp\/v2\/product_tag?post=23752"}],"curies":[{"name":"wp","href":"https:\/\/api.w.org\/{rel}","templated":true}]}}