{"id":22677,"date":"2022-07-18T11:43:03","date_gmt":"2022-07-18T11:43:03","guid":{"rendered":"http:\/\/timbre-online.com\/?post_type=product&#038;p=22677"},"modified":"2025-12-14T16:25:54","modified_gmt":"2025-12-14T16:25:54","slug":"2008-120-de-ani-de-la-gradina-zoologica-sofia","status":"publish","type":"product","link":"https:\/\/timbre-online.com\/en\/product\/2008-120-de-ani-de-la-gradina-zoologica-sofia\/","title":{"rendered":"2008-120 de ani de la Gr\u0103dina Zoologic\u0103, Sofia."},"content":{"rendered":"","protected":false},"excerpt":{"rendered":"<p>2008-120 de ani de la Gr\u0103dina Zoologic\u0103, Sofia.<br \/>\nMichel b;oc 299 &#8211; nestampilat<\/p>","protected":false},"featured_media":22678,"template":"","meta":[],"product_cat":[635,51],"product_tag":[62,527],"_links":{"self":[{"href":"https:\/\/timbre-online.com\/en\/wp-json\/wp\/v2\/product\/22677"}],"collection":[{"href":"https:\/\/timbre-online.com\/en\/wp-json\/wp\/v2\/product"}],"about":[{"href":"https:\/\/timbre-online.com\/en\/wp-json\/wp\/v2\/types\/product"}],"wp:featuredmedia":[{"embeddable":true,"href":"https:\/\/timbre-online.com\/en\/wp-json\/wp\/v2\/media\/22678"}],"wp:attachment":[{"href":"https:\/\/timbre-online.com\/en\/wp-json\/wp\/v2\/media?parent=22677"}],"wp:term":[{"taxonomy":"product_cat","embeddable":true,"href":"https:\/\/timbre-online.com\/en\/wp-json\/wp\/v2\/product_cat?post=22677"},{"taxonomy":"product_tag","embeddable":true,"href":"https:\/\/timbre-online.com\/en\/wp-json\/wp\/v2\/product_tag?post=22677"}],"curies":[{"name":"wp","href":"https:\/\/api.w.org\/{rel}","templated":true}]}}