{"id":22055,"date":"2022-06-24T17:12:33","date_gmt":"2022-06-24T17:12:33","guid":{"rendered":"http:\/\/timbre-online.com\/?post_type=product&#038;p=22055"},"modified":"2023-09-24T20:13:36","modified_gmt":"2023-09-24T20:13:36","slug":"2016-pasari-din-africa-de-vest-i-turacos","status":"publish","type":"product","link":"https:\/\/timbre-online.com\/en\/product\/2016-pasari-din-africa-de-vest-i-turacos\/","title":{"rendered":"2016-P\u0103s\u0103ri din Africa de Vest (I): Turacos."},"content":{"rendered":"","protected":false},"excerpt":{"rendered":"<p>2016-P\u0103s\u0103ri din Africa de Vest (I): Turacos. &#8211; nestampilat<br \/>\nMichel 6908-1917 + bloc<\/p>","protected":false},"featured_media":22056,"template":"","meta":[],"product_cat":[651,51],"product_tag":[94],"_links":{"self":[{"href":"https:\/\/timbre-online.com\/en\/wp-json\/wp\/v2\/product\/22055"}],"collection":[{"href":"https:\/\/timbre-online.com\/en\/wp-json\/wp\/v2\/product"}],"about":[{"href":"https:\/\/timbre-online.com\/en\/wp-json\/wp\/v2\/types\/product"}],"wp:featuredmedia":[{"embeddable":true,"href":"https:\/\/timbre-online.com\/en\/wp-json\/wp\/v2\/media\/22056"}],"wp:attachment":[{"href":"https:\/\/timbre-online.com\/en\/wp-json\/wp\/v2\/media?parent=22055"}],"wp:term":[{"taxonomy":"product_cat","embeddable":true,"href":"https:\/\/timbre-online.com\/en\/wp-json\/wp\/v2\/product_cat?post=22055"},{"taxonomy":"product_tag","embeddable":true,"href":"https:\/\/timbre-online.com\/en\/wp-json\/wp\/v2\/product_tag?post=22055"}],"curies":[{"name":"wp","href":"https:\/\/api.w.org\/{rel}","templated":true}]}}