{"id":20218,"date":"2022-03-20T19:30:12","date_gmt":"2022-03-20T19:30:12","guid":{"rendered":"http:\/\/timbre-online.com\/?post_type=product&#038;p=20218"},"modified":"2025-01-21T20:28:25","modified_gmt":"2025-01-21T20:28:25","slug":"2013-arta-mihai-eminescu-in-pictura-3","status":"publish","type":"product","link":"https:\/\/timbre-online.com\/en\/product\/2013-arta-mihai-eminescu-in-pictura-3\/","title":{"rendered":"2013 &#8211; Art\u0103: Mihai Eminescu \u00een pictur\u0103."},"content":{"rendered":"","protected":false},"excerpt":{"rendered":"<p>2013 &#8211; Art\u0103: Mihai Eminescu \u00een pictur\u0103.<br \/>\nMichel 820 &#8211; 821 klb &#8211; minicoala de 8 serii si 1  nestampilata<\/p>","protected":false},"featured_media":20219,"template":"","meta":[],"product_cat":[271,51],"product_tag":[430],"_links":{"self":[{"href":"https:\/\/timbre-online.com\/en\/wp-json\/wp\/v2\/product\/20218"}],"collection":[{"href":"https:\/\/timbre-online.com\/en\/wp-json\/wp\/v2\/product"}],"about":[{"href":"https:\/\/timbre-online.com\/en\/wp-json\/wp\/v2\/types\/product"}],"wp:featuredmedia":[{"embeddable":true,"href":"https:\/\/timbre-online.com\/en\/wp-json\/wp\/v2\/media\/20219"}],"wp:attachment":[{"href":"https:\/\/timbre-online.com\/en\/wp-json\/wp\/v2\/media?parent=20218"}],"wp:term":[{"taxonomy":"product_cat","embeddable":true,"href":"https:\/\/timbre-online.com\/en\/wp-json\/wp\/v2\/product_cat?post=20218"},{"taxonomy":"product_tag","embeddable":true,"href":"https:\/\/timbre-online.com\/en\/wp-json\/wp\/v2\/product_tag?post=20218"}],"curies":[{"name":"wp","href":"https:\/\/api.w.org\/{rel}","templated":true}]}}