{"id":19905,"date":"2022-02-25T21:01:37","date_gmt":"2022-02-25T21:01:37","guid":{"rendered":"http:\/\/timbre-online.com\/?post_type=product&#038;p=19905"},"modified":"2022-02-25T21:02:49","modified_gmt":"2022-02-25T21:02:49","slug":"2012-balena-albastra","status":"publish","type":"product","link":"https:\/\/timbre-online.com\/en\/product\/2012-balena-albastra\/","title":{"rendered":"2012 &#8211; Balen\u0103 albastr\u0103."},"content":{"rendered":"","protected":false},"excerpt":{"rendered":"<p>2012 &#8211; Balen\u0103 albastr\u0103.<br \/>\nMichel 570-573 nestampilata<\/p>","protected":false},"featured_media":19906,"template":"","meta":[],"product_cat":[58,51],"product_tag":[143],"_links":{"self":[{"href":"https:\/\/timbre-online.com\/en\/wp-json\/wp\/v2\/product\/19905"}],"collection":[{"href":"https:\/\/timbre-online.com\/en\/wp-json\/wp\/v2\/product"}],"about":[{"href":"https:\/\/timbre-online.com\/en\/wp-json\/wp\/v2\/types\/product"}],"wp:featuredmedia":[{"embeddable":true,"href":"https:\/\/timbre-online.com\/en\/wp-json\/wp\/v2\/media\/19906"}],"wp:attachment":[{"href":"https:\/\/timbre-online.com\/en\/wp-json\/wp\/v2\/media?parent=19905"}],"wp:term":[{"taxonomy":"product_cat","embeddable":true,"href":"https:\/\/timbre-online.com\/en\/wp-json\/wp\/v2\/product_cat?post=19905"},{"taxonomy":"product_tag","embeddable":true,"href":"https:\/\/timbre-online.com\/en\/wp-json\/wp\/v2\/product_tag?post=19905"}],"curies":[{"name":"wp","href":"https:\/\/api.w.org\/{rel}","templated":true}]}}