{"id":19837,"date":"2022-02-20T21:16:17","date_gmt":"2022-02-20T21:16:17","guid":{"rendered":"http:\/\/timbre-online.com\/?post_type=product&#038;p=19837"},"modified":"2025-09-05T21:27:43","modified_gmt":"2025-09-05T21:27:43","slug":"1993-nave-de-razboi-in-al-doilea-razboi-mondial-i","status":"publish","type":"product","link":"https:\/\/timbre-online.com\/en\/product\/1993-nave-de-razboi-in-al-doilea-razboi-mondial-i\/","title":{"rendered":"1993-Nave de r\u0103zboi \u00een al Doilea R\u0103zboi Mondial (I)."},"content":{"rendered":"","protected":false},"excerpt":{"rendered":"<p>1993-Nave de r\u0103zboi \u00een al Doilea R\u0103zboi Mondial (I).<br \/>\nMichel bloc 18 &#8211;\u00a0 nestampilat<\/p>","protected":false},"featured_media":19838,"template":"","meta":[],"product_cat":[259,51],"product_tag":[570],"_links":{"self":[{"href":"https:\/\/timbre-online.com\/en\/wp-json\/wp\/v2\/product\/19837"}],"collection":[{"href":"https:\/\/timbre-online.com\/en\/wp-json\/wp\/v2\/product"}],"about":[{"href":"https:\/\/timbre-online.com\/en\/wp-json\/wp\/v2\/types\/product"}],"wp:featuredmedia":[{"embeddable":true,"href":"https:\/\/timbre-online.com\/en\/wp-json\/wp\/v2\/media\/19838"}],"wp:attachment":[{"href":"https:\/\/timbre-online.com\/en\/wp-json\/wp\/v2\/media?parent=19837"}],"wp:term":[{"taxonomy":"product_cat","embeddable":true,"href":"https:\/\/timbre-online.com\/en\/wp-json\/wp\/v2\/product_cat?post=19837"},{"taxonomy":"product_tag","embeddable":true,"href":"https:\/\/timbre-online.com\/en\/wp-json\/wp\/v2\/product_tag?post=19837"}],"curies":[{"name":"wp","href":"https:\/\/api.w.org\/{rel}","templated":true}]}}