{"id":18614,"date":"2021-12-30T19:52:18","date_gmt":"2021-12-30T19:52:18","guid":{"rendered":"http:\/\/timbre-online.com\/?post_type=product&#038;p=18614"},"modified":"2022-07-03T17:20:59","modified_gmt":"2022-07-03T17:20:59","slug":"2018-rezervatii-naturale-si-parcuri-nationale-v-parcul-national-sultansazligi","status":"publish","type":"product","link":"https:\/\/timbre-online.com\/en\/product\/2018-rezervatii-naturale-si-parcuri-nationale-v-parcul-national-sultansazligi\/","title":{"rendered":"2018-Rezerva\u021bii naturale \u0219i parcuri na\u021bionale (V) &#8211; Parcul Na\u021bional Sultansazl\u0131\u011f\u0131."},"content":{"rendered":"","protected":false},"excerpt":{"rendered":"<p>2018-Rezerva\u021bii naturale \u0219i parcuri na\u021bionale (V) &#8211; Parcul Na\u021bional Sultansazl\u0131\u011f\u0131.<\/p>\n<p>Michel &#8211; bl.184 &#8211; nestampilat<\/p>","protected":false},"featured_media":18615,"template":"","meta":[],"product_cat":[51,561],"product_tag":[347],"_links":{"self":[{"href":"https:\/\/timbre-online.com\/en\/wp-json\/wp\/v2\/product\/18614"}],"collection":[{"href":"https:\/\/timbre-online.com\/en\/wp-json\/wp\/v2\/product"}],"about":[{"href":"https:\/\/timbre-online.com\/en\/wp-json\/wp\/v2\/types\/product"}],"wp:featuredmedia":[{"embeddable":true,"href":"https:\/\/timbre-online.com\/en\/wp-json\/wp\/v2\/media\/18615"}],"wp:attachment":[{"href":"https:\/\/timbre-online.com\/en\/wp-json\/wp\/v2\/media?parent=18614"}],"wp:term":[{"taxonomy":"product_cat","embeddable":true,"href":"https:\/\/timbre-online.com\/en\/wp-json\/wp\/v2\/product_cat?post=18614"},{"taxonomy":"product_tag","embeddable":true,"href":"https:\/\/timbre-online.com\/en\/wp-json\/wp\/v2\/product_tag?post=18614"}],"curies":[{"name":"wp","href":"https:\/\/api.w.org\/{rel}","templated":true}]}}