{"id":16942,"date":"2021-10-29T13:10:26","date_gmt":"2021-10-29T13:10:26","guid":{"rendered":"http:\/\/timbre-online.com\/?post_type=product&#038;p=16942"},"modified":"2022-05-11T17:49:40","modified_gmt":"2022-05-11T17:49:40","slug":"2014-cai-saritori","status":"publish","type":"product","link":"https:\/\/timbre-online.com\/en\/product\/2014-cai-saritori\/","title":{"rendered":"2011-Fotografie subacvatic\u0103 \u00een reciful de corali de l\u00e2ng\u0103 Isla de la Juventud."},"content":{"rendered":"","protected":false},"excerpt":{"rendered":"<p>2011-Fotografie subacvatic\u0103 \u00een reciful de corali de l\u00e2ng\u0103 Isla de la Juventud.<br \/>\nMichel 5537-5542 + bloc 288 serie + colita nestampilate<\/p>","protected":false},"featured_media":21256,"template":"","meta":[],"product_cat":[517,51],"product_tag":[152],"_links":{"self":[{"href":"https:\/\/timbre-online.com\/en\/wp-json\/wp\/v2\/product\/16942"}],"collection":[{"href":"https:\/\/timbre-online.com\/en\/wp-json\/wp\/v2\/product"}],"about":[{"href":"https:\/\/timbre-online.com\/en\/wp-json\/wp\/v2\/types\/product"}],"wp:featuredmedia":[{"embeddable":true,"href":"https:\/\/timbre-online.com\/en\/wp-json\/wp\/v2\/media\/21256"}],"wp:attachment":[{"href":"https:\/\/timbre-online.com\/en\/wp-json\/wp\/v2\/media?parent=16942"}],"wp:term":[{"taxonomy":"product_cat","embeddable":true,"href":"https:\/\/timbre-online.com\/en\/wp-json\/wp\/v2\/product_cat?post=16942"},{"taxonomy":"product_tag","embeddable":true,"href":"https:\/\/timbre-online.com\/en\/wp-json\/wp\/v2\/product_tag?post=16942"}],"curies":[{"name":"wp","href":"https:\/\/api.w.org\/{rel}","templated":true}]}}