{"id":16912,"date":"2021-10-29T11:03:38","date_gmt":"2021-10-29T11:03:38","guid":{"rendered":"http:\/\/timbre-online.com\/?post_type=product&#038;p=16912"},"modified":"2026-02-28T10:39:41","modified_gmt":"2026-02-28T10:39:41","slug":"2007-expozitia-nationala-de-timbre-postale","status":"publish","type":"product","link":"https:\/\/timbre-online.com\/en\/product\/2007-expozitia-nationala-de-timbre-postale\/","title":{"rendered":"2007-Expozi\u0163ia Na\u0163ional\u0103 de timbre po\u015ftale."},"content":{"rendered":"","protected":false},"excerpt":{"rendered":"<p>2007-Expozi\u0163ia Na\u0163ional\u0103 de timbre po\u015ftale.<br \/>\nMichel bloc 233 &#8211; colita nestampilate<\/p>","protected":false},"featured_media":16913,"template":"","meta":[],"product_cat":[517,51],"product_tag":[148,118],"_links":{"self":[{"href":"https:\/\/timbre-online.com\/en\/wp-json\/wp\/v2\/product\/16912"}],"collection":[{"href":"https:\/\/timbre-online.com\/en\/wp-json\/wp\/v2\/product"}],"about":[{"href":"https:\/\/timbre-online.com\/en\/wp-json\/wp\/v2\/types\/product"}],"wp:featuredmedia":[{"embeddable":true,"href":"https:\/\/timbre-online.com\/en\/wp-json\/wp\/v2\/media\/16913"}],"wp:attachment":[{"href":"https:\/\/timbre-online.com\/en\/wp-json\/wp\/v2\/media?parent=16912"}],"wp:term":[{"taxonomy":"product_cat","embeddable":true,"href":"https:\/\/timbre-online.com\/en\/wp-json\/wp\/v2\/product_cat?post=16912"},{"taxonomy":"product_tag","embeddable":true,"href":"https:\/\/timbre-online.com\/en\/wp-json\/wp\/v2\/product_tag?post=16912"}],"curies":[{"name":"wp","href":"https:\/\/api.w.org\/{rel}","templated":true}]}}