{"id":16835,"date":"2021-10-28T17:31:51","date_gmt":"2021-10-28T17:31:51","guid":{"rendered":"http:\/\/timbre-online.com\/?post_type=product&#038;p=16835"},"modified":"2026-02-14T12:18:33","modified_gmt":"2026-02-14T12:18:33","slug":"1982-conferinta-natiunilor-unite-privind-explorarea-si-utilizarile-pasnice-ale-spatiului-cosmic-unispace-82","status":"publish","type":"product","link":"https:\/\/timbre-online.com\/en\/product\/1982-conferinta-natiunilor-unite-privind-explorarea-si-utilizarile-pasnice-ale-spatiului-cosmic-unispace-82\/","title":{"rendered":"1970 &#8211; Cr\u0103ciun: p\u0103s\u0103ri."},"content":{"rendered":"","protected":false},"excerpt":{"rendered":"<p>1970 &#8211; Cr\u0103ciun: p\u0103s\u0103ri.<br \/>\nMichel 1644-1658 serie nestampilata<\/p>","protected":false},"featured_media":21257,"template":"","meta":[],"product_cat":[517,51],"product_tag":[136,94],"_links":{"self":[{"href":"https:\/\/timbre-online.com\/en\/wp-json\/wp\/v2\/product\/16835"}],"collection":[{"href":"https:\/\/timbre-online.com\/en\/wp-json\/wp\/v2\/product"}],"about":[{"href":"https:\/\/timbre-online.com\/en\/wp-json\/wp\/v2\/types\/product"}],"wp:featuredmedia":[{"embeddable":true,"href":"https:\/\/timbre-online.com\/en\/wp-json\/wp\/v2\/media\/21257"}],"wp:attachment":[{"href":"https:\/\/timbre-online.com\/en\/wp-json\/wp\/v2\/media?parent=16835"}],"wp:term":[{"taxonomy":"product_cat","embeddable":true,"href":"https:\/\/timbre-online.com\/en\/wp-json\/wp\/v2\/product_cat?post=16835"},{"taxonomy":"product_tag","embeddable":true,"href":"https:\/\/timbre-online.com\/en\/wp-json\/wp\/v2\/product_tag?post=16835"}],"curies":[{"name":"wp","href":"https:\/\/api.w.org\/{rel}","templated":true}]}}