{"id":14271,"date":"2021-07-24T09:23:29","date_gmt":"2021-07-24T09:23:29","guid":{"rendered":"http:\/\/timbre-online.com\/?post_type=product&#038;p=14271"},"modified":"2021-07-24T09:26:49","modified_gmt":"2021-07-24T09:26:49","slug":"1993-europa93-pictura-moderna","status":"publish","type":"product","link":"https:\/\/timbre-online.com\/en\/product\/1993-europa93-pictura-moderna\/","title":{"rendered":"1993 &#8211; Europa&#8217;93. Pictur\u0103 modern\u0103."},"content":{"rendered":"","protected":false},"excerpt":{"rendered":"<p>1993 &#8211; Europa&#8217;93. Pictur\u0103 modern\u0103.<br \/>\nMichel 94 &#8211; 95 serie nestampilata<\/p>","protected":false},"featured_media":14272,"template":"","meta":[],"product_cat":[271,51],"product_tag":[80,108],"_links":{"self":[{"href":"https:\/\/timbre-online.com\/en\/wp-json\/wp\/v2\/product\/14271"}],"collection":[{"href":"https:\/\/timbre-online.com\/en\/wp-json\/wp\/v2\/product"}],"about":[{"href":"https:\/\/timbre-online.com\/en\/wp-json\/wp\/v2\/types\/product"}],"wp:featuredmedia":[{"embeddable":true,"href":"https:\/\/timbre-online.com\/en\/wp-json\/wp\/v2\/media\/14272"}],"wp:attachment":[{"href":"https:\/\/timbre-online.com\/en\/wp-json\/wp\/v2\/media?parent=14271"}],"wp:term":[{"taxonomy":"product_cat","embeddable":true,"href":"https:\/\/timbre-online.com\/en\/wp-json\/wp\/v2\/product_cat?post=14271"},{"taxonomy":"product_tag","embeddable":true,"href":"https:\/\/timbre-online.com\/en\/wp-json\/wp\/v2\/product_tag?post=14271"}],"curies":[{"name":"wp","href":"https:\/\/api.w.org\/{rel}","templated":true}]}}