{"id":14248,"date":"2021-07-23T19:56:09","date_gmt":"2021-07-23T19:56:09","guid":{"rendered":"http:\/\/timbre-online.com\/?post_type=product&#038;p=14248"},"modified":"2026-01-25T17:25:26","modified_gmt":"2026-01-25T17:25:26","slug":"2014-personalitati-ilustre-mihai-eminescu-si-ion-creanga-125-de-ani-de-la-trecerea-in-eternitate","status":"publish","type":"product","link":"https:\/\/timbre-online.com\/en\/product\/2014-personalitati-ilustre-mihai-eminescu-si-ion-creanga-125-de-ani-de-la-trecerea-in-eternitate\/","title":{"rendered":"2014 &#8211; Personalit\u0103\u021bi ilustre. Mihai Eminescu \u0219i Ion Creang\u0103. 125 de ani de la trecerea \u00een eternitate."},"content":{"rendered":"","protected":false},"excerpt":{"rendered":"<p>2014 &#8211; Personalit\u0103\u021bi ilustre. Mihai Eminescu \u0219i Ion Creang\u0103. 125 de ani de la trecerea \u00een eternitate.<br \/>\nMichel bloc 66 nestampilat<\/p>","protected":false},"featured_media":14249,"template":"","meta":[],"product_cat":[271,51],"product_tag":[136],"_links":{"self":[{"href":"https:\/\/timbre-online.com\/en\/wp-json\/wp\/v2\/product\/14248"}],"collection":[{"href":"https:\/\/timbre-online.com\/en\/wp-json\/wp\/v2\/product"}],"about":[{"href":"https:\/\/timbre-online.com\/en\/wp-json\/wp\/v2\/types\/product"}],"wp:featuredmedia":[{"embeddable":true,"href":"https:\/\/timbre-online.com\/en\/wp-json\/wp\/v2\/media\/14249"}],"wp:attachment":[{"href":"https:\/\/timbre-online.com\/en\/wp-json\/wp\/v2\/media?parent=14248"}],"wp:term":[{"taxonomy":"product_cat","embeddable":true,"href":"https:\/\/timbre-online.com\/en\/wp-json\/wp\/v2\/product_cat?post=14248"},{"taxonomy":"product_tag","embeddable":true,"href":"https:\/\/timbre-online.com\/en\/wp-json\/wp\/v2\/product_tag?post=14248"}],"curies":[{"name":"wp","href":"https:\/\/api.w.org\/{rel}","templated":true}]}}