{"id":14135,"date":"2021-07-23T13:24:53","date_gmt":"2021-07-23T13:24:53","guid":{"rendered":"http:\/\/timbre-online.com\/?post_type=product&#038;p=14135"},"modified":"2026-04-13T18:43:27","modified_gmt":"2026-04-13T18:43:27","slug":"2007-fauna-protejata-a-raului-nistru-pesti","status":"publish","type":"product","link":"https:\/\/timbre-online.com\/en\/product\/2007-fauna-protejata-a-raului-nistru-pesti\/","title":{"rendered":"2007 &#8211; Fauna protejat\u0103 a r\u00e2ului Nistru. Pe\u015fti."},"content":{"rendered":"","protected":false},"excerpt":{"rendered":"<p>2007 &#8211; Fauna protejat\u0103 a r\u00e2ului Nistru. Pe\u015fti.<br \/>\nMichel 595 596 serie nestampilata<\/p>","protected":false},"featured_media":14136,"template":"","meta":[],"product_cat":[271,51],"product_tag":[168],"_links":{"self":[{"href":"https:\/\/timbre-online.com\/en\/wp-json\/wp\/v2\/product\/14135"}],"collection":[{"href":"https:\/\/timbre-online.com\/en\/wp-json\/wp\/v2\/product"}],"about":[{"href":"https:\/\/timbre-online.com\/en\/wp-json\/wp\/v2\/types\/product"}],"wp:featuredmedia":[{"embeddable":true,"href":"https:\/\/timbre-online.com\/en\/wp-json\/wp\/v2\/media\/14136"}],"wp:attachment":[{"href":"https:\/\/timbre-online.com\/en\/wp-json\/wp\/v2\/media?parent=14135"}],"wp:term":[{"taxonomy":"product_cat","embeddable":true,"href":"https:\/\/timbre-online.com\/en\/wp-json\/wp\/v2\/product_cat?post=14135"},{"taxonomy":"product_tag","embeddable":true,"href":"https:\/\/timbre-online.com\/en\/wp-json\/wp\/v2\/product_tag?post=14135"}],"curies":[{"name":"wp","href":"https:\/\/api.w.org\/{rel}","templated":true}]}}