{"id":14011,"date":"2021-07-22T10:50:15","date_gmt":"2021-07-22T10:50:15","guid":{"rendered":"http:\/\/timbre-online.com\/?post_type=product&#038;p=14011"},"modified":"2021-07-22T11:05:52","modified_gmt":"2021-07-22T11:05:52","slug":"2020-manastirea-varzaresti-600-de-ani","status":"publish","type":"product","link":"https:\/\/timbre-online.com\/en\/product\/2020-manastirea-varzaresti-600-de-ani\/","title":{"rendered":"2020 &#8211; M\u0103n\u0103stirea V\u0103rz\u0103re\u0219ti \u2013 600 de ani"},"content":{"rendered":"","protected":false},"excerpt":{"rendered":"<p>2020 &#8211; M\u0103n\u0103stirea V\u0103rz\u0103re\u0219ti \u2013 600 de ani<br \/>\nserie nestampilata<\/p>","protected":false},"featured_media":14012,"template":"","meta":[],"product_cat":[271,51],"product_tag":[249],"_links":{"self":[{"href":"https:\/\/timbre-online.com\/en\/wp-json\/wp\/v2\/product\/14011"}],"collection":[{"href":"https:\/\/timbre-online.com\/en\/wp-json\/wp\/v2\/product"}],"about":[{"href":"https:\/\/timbre-online.com\/en\/wp-json\/wp\/v2\/types\/product"}],"wp:featuredmedia":[{"embeddable":true,"href":"https:\/\/timbre-online.com\/en\/wp-json\/wp\/v2\/media\/14012"}],"wp:attachment":[{"href":"https:\/\/timbre-online.com\/en\/wp-json\/wp\/v2\/media?parent=14011"}],"wp:term":[{"taxonomy":"product_cat","embeddable":true,"href":"https:\/\/timbre-online.com\/en\/wp-json\/wp\/v2\/product_cat?post=14011"},{"taxonomy":"product_tag","embeddable":true,"href":"https:\/\/timbre-online.com\/en\/wp-json\/wp\/v2\/product_tag?post=14011"}],"curies":[{"name":"wp","href":"https:\/\/api.w.org\/{rel}","templated":true}]}}