{"id":26798,"date":"2023-02-13T16:43:13","date_gmt":"2023-02-13T16:43:13","guid":{"rendered":"http:\/\/timbre-online.com\/?post_type=product&#038;p=26798"},"modified":"2023-02-13T18:43:49","modified_gmt":"2023-02-13T18:43:49","slug":"2010-70-de-ani-de-la-batalia-angliei-luptatori-2","status":"publish","type":"product","link":"http:\/\/timbre-online.com\/en\/product\/2010-70-de-ani-de-la-batalia-angliei-luptatori-2\/","title":{"rendered":"2010-70 de ani de la B\u0103t\u0103lia Angliei: Lupt\u0103tori."},"content":{"rendered":"","protected":false},"excerpt":{"rendered":"<p>2010-70 de ani de la B\u0103t\u0103lia Angliei: Lupt\u0103tori. &#8211; mint<br \/>\nMichel 1110-1117<\/p>","protected":false},"featured_media":26799,"template":"","meta":[],"product_cat":[56,51],"product_tag":[120,159],"_links":{"self":[{"href":"http:\/\/timbre-online.com\/en\/wp-json\/wp\/v2\/product\/26798"}],"collection":[{"href":"http:\/\/timbre-online.com\/en\/wp-json\/wp\/v2\/product"}],"about":[{"href":"http:\/\/timbre-online.com\/en\/wp-json\/wp\/v2\/types\/product"}],"wp:featuredmedia":[{"embeddable":true,"href":"http:\/\/timbre-online.com\/en\/wp-json\/wp\/v2\/media\/26799"}],"wp:attachment":[{"href":"http:\/\/timbre-online.com\/en\/wp-json\/wp\/v2\/media?parent=26798"}],"wp:term":[{"taxonomy":"product_cat","embeddable":true,"href":"http:\/\/timbre-online.com\/en\/wp-json\/wp\/v2\/product_cat?post=26798"},{"taxonomy":"product_tag","embeddable":true,"href":"http:\/\/timbre-online.com\/en\/wp-json\/wp\/v2\/product_tag?post=26798"}],"curies":[{"name":"wp","href":"https:\/\/api.w.org\/{rel}","templated":true}]}}