{"id":25291,"date":"2022-12-23T21:32:38","date_gmt":"2022-12-23T21:32:38","guid":{"rendered":"http:\/\/timbre-online.com\/?post_type=product&#038;p=25291"},"modified":"2022-12-23T21:34:53","modified_gmt":"2022-12-23T21:34:53","slug":"1999-intrand-in-anul-2000","status":"publish","type":"product","link":"http:\/\/timbre-online.com\/en\/product\/1999-intrand-in-anul-2000\/","title":{"rendered":"1999-Intr\u00e2nd \u00een anul 2000."},"content":{"rendered":"","protected":false},"excerpt":{"rendered":"<p>1999-Intr\u00e2nd \u00een anul 2000. &#8211; nestampilat<br \/>\nMichel bloc 37<\/p>","protected":false},"featured_media":25292,"template":"","meta":[],"product_cat":[51,206],"product_tag":[152],"_links":{"self":[{"href":"http:\/\/timbre-online.com\/en\/wp-json\/wp\/v2\/product\/25291"}],"collection":[{"href":"http:\/\/timbre-online.com\/en\/wp-json\/wp\/v2\/product"}],"about":[{"href":"http:\/\/timbre-online.com\/en\/wp-json\/wp\/v2\/types\/product"}],"wp:featuredmedia":[{"embeddable":true,"href":"http:\/\/timbre-online.com\/en\/wp-json\/wp\/v2\/media\/25292"}],"wp:attachment":[{"href":"http:\/\/timbre-online.com\/en\/wp-json\/wp\/v2\/media?parent=25291"}],"wp:term":[{"taxonomy":"product_cat","embeddable":true,"href":"http:\/\/timbre-online.com\/en\/wp-json\/wp\/v2\/product_cat?post=25291"},{"taxonomy":"product_tag","embeddable":true,"href":"http:\/\/timbre-online.com\/en\/wp-json\/wp\/v2\/product_tag?post=25291"}],"curies":[{"name":"wp","href":"https:\/\/api.w.org\/{rel}","templated":true}]}}