{"id":25282,"date":"2022-12-23T21:23:08","date_gmt":"2022-12-23T21:23:08","guid":{"rendered":"http:\/\/timbre-online.com\/?post_type=product&#038;p=25282"},"modified":"2024-11-18T14:17:16","modified_gmt":"2024-11-18T14:17:16","slug":"1993-caini-din-toata-lumea","status":"publish","type":"product","link":"http:\/\/timbre-online.com\/en\/product\/1993-caini-din-toata-lumea\/","title":{"rendered":"1993 &#8211; C\u00e2ini din toat\u0103 lumea."},"content":{"rendered":"","protected":false},"excerpt":{"rendered":"<p>1993 &#8211; C\u00e2ini din toat\u0103 lumea.<\/p>\n<p>Michel &#8211; 2519-2526 + bl.327-328<\/p>","protected":false},"featured_media":25283,"template":"","meta":[],"product_cat":[210,51],"product_tag":[90],"_links":{"self":[{"href":"http:\/\/timbre-online.com\/en\/wp-json\/wp\/v2\/product\/25282"}],"collection":[{"href":"http:\/\/timbre-online.com\/en\/wp-json\/wp\/v2\/product"}],"about":[{"href":"http:\/\/timbre-online.com\/en\/wp-json\/wp\/v2\/types\/product"}],"wp:featuredmedia":[{"embeddable":true,"href":"http:\/\/timbre-online.com\/en\/wp-json\/wp\/v2\/media\/25283"}],"wp:attachment":[{"href":"http:\/\/timbre-online.com\/en\/wp-json\/wp\/v2\/media?parent=25282"}],"wp:term":[{"taxonomy":"product_cat","embeddable":true,"href":"http:\/\/timbre-online.com\/en\/wp-json\/wp\/v2\/product_cat?post=25282"},{"taxonomy":"product_tag","embeddable":true,"href":"http:\/\/timbre-online.com\/en\/wp-json\/wp\/v2\/product_tag?post=25282"}],"curies":[{"name":"wp","href":"https:\/\/api.w.org\/{rel}","templated":true}]}}