{"id":21647,"date":"2022-05-26T07:25:09","date_gmt":"2022-05-26T07:25:09","guid":{"rendered":"http:\/\/timbre-online.com\/?post_type=product&#038;p=21647"},"modified":"2022-06-18T14:06:36","modified_gmt":"2022-06-18T14:06:36","slug":"2000-intoarcerea-mileniului-xvii-apa-si-coasta","status":"publish","type":"product","link":"http:\/\/timbre-online.com\/en\/product\/2000-intoarcerea-mileniului-xvii-apa-si-coasta\/","title":{"rendered":"2000-\u00centoarcerea mileniului (XVII): Ap\u0103 \u0219i Coast\u0103."},"content":{"rendered":"","protected":false},"excerpt":{"rendered":"<p>2000-\u00centoarcerea mileniului (XVII): Ap\u0103 \u0219i Coast\u0103.  &#8211; nestampilat<br \/>\nMichel 1857-1860<\/p>","protected":false},"featured_media":21648,"template":"","meta":[],"product_cat":[574],"product_tag":[483],"_links":{"self":[{"href":"http:\/\/timbre-online.com\/en\/wp-json\/wp\/v2\/product\/21647"}],"collection":[{"href":"http:\/\/timbre-online.com\/en\/wp-json\/wp\/v2\/product"}],"about":[{"href":"http:\/\/timbre-online.com\/en\/wp-json\/wp\/v2\/types\/product"}],"wp:featuredmedia":[{"embeddable":true,"href":"http:\/\/timbre-online.com\/en\/wp-json\/wp\/v2\/media\/21648"}],"wp:attachment":[{"href":"http:\/\/timbre-online.com\/en\/wp-json\/wp\/v2\/media?parent=21647"}],"wp:term":[{"taxonomy":"product_cat","embeddable":true,"href":"http:\/\/timbre-online.com\/en\/wp-json\/wp\/v2\/product_cat?post=21647"},{"taxonomy":"product_tag","embeddable":true,"href":"http:\/\/timbre-online.com\/en\/wp-json\/wp\/v2\/product_tag?post=21647"}],"curies":[{"name":"wp","href":"https:\/\/api.w.org\/{rel}","templated":true}]}}