{"id":21612,"date":"2022-05-26T06:25:12","date_gmt":"2022-05-26T06:25:12","guid":{"rendered":"http:\/\/timbre-online.com\/?post_type=product&#038;p=21612"},"modified":"2025-02-14T10:40:17","modified_gmt":"2025-02-14T10:40:17","slug":"2000-intoarcerea-mileniului-ix-evolutii-in-agricultura","status":"publish","type":"product","link":"http:\/\/timbre-online.com\/en\/product\/2000-intoarcerea-mileniului-ix-evolutii-in-agricultura\/","title":{"rendered":"2000-\u00centoarcerea mileniului (IX): Evolu\u021bii \u00een agricultur\u0103"},"content":{"rendered":"","protected":false},"excerpt":{"rendered":"<p>2000-\u00centoarcerea mileniului (IX): Evolu\u021bii \u00een agricultur\u0103 &#8211; nestampilat<br \/>\nMichel 1823-1826<\/p>","protected":false},"featured_media":21613,"template":"","meta":[],"product_cat":[574],"product_tag":[483],"_links":{"self":[{"href":"http:\/\/timbre-online.com\/en\/wp-json\/wp\/v2\/product\/21612"}],"collection":[{"href":"http:\/\/timbre-online.com\/en\/wp-json\/wp\/v2\/product"}],"about":[{"href":"http:\/\/timbre-online.com\/en\/wp-json\/wp\/v2\/types\/product"}],"wp:featuredmedia":[{"embeddable":true,"href":"http:\/\/timbre-online.com\/en\/wp-json\/wp\/v2\/media\/21613"}],"wp:attachment":[{"href":"http:\/\/timbre-online.com\/en\/wp-json\/wp\/v2\/media?parent=21612"}],"wp:term":[{"taxonomy":"product_cat","embeddable":true,"href":"http:\/\/timbre-online.com\/en\/wp-json\/wp\/v2\/product_cat?post=21612"},{"taxonomy":"product_tag","embeddable":true,"href":"http:\/\/timbre-online.com\/en\/wp-json\/wp\/v2\/product_tag?post=21612"}],"curies":[{"name":"wp","href":"https:\/\/api.w.org\/{rel}","templated":true}]}}