{"id":21609,"date":"2022-05-26T06:18:50","date_gmt":"2022-05-26T06:18:50","guid":{"rendered":"http:\/\/timbre-online.com\/?post_type=product&#038;p=21609"},"modified":"2022-06-19T11:10:15","modified_gmt":"2022-06-19T11:10:15","slug":"2000-intoarcerea-mileniului-xviii-viata-si-pamantul-fotogravura","status":"publish","type":"product","link":"http:\/\/timbre-online.com\/en\/product\/2000-intoarcerea-mileniului-xviii-viata-si-pamantul-fotogravura\/","title":{"rendered":"2000-\u00centoarcerea mileniului (X): Evenimente militare. Fotogravur\u0103,"},"content":{"rendered":"","protected":false},"excerpt":{"rendered":"<p>2000-\u00centoarcerea mileniului (X): Evenimente militare.  &#8211; nestampilat<br \/>\nMichel 1827-1830<\/p>","protected":false},"featured_media":21611,"template":"","meta":[],"product_cat":[574],"product_tag":[483],"_links":{"self":[{"href":"http:\/\/timbre-online.com\/en\/wp-json\/wp\/v2\/product\/21609"}],"collection":[{"href":"http:\/\/timbre-online.com\/en\/wp-json\/wp\/v2\/product"}],"about":[{"href":"http:\/\/timbre-online.com\/en\/wp-json\/wp\/v2\/types\/product"}],"wp:featuredmedia":[{"embeddable":true,"href":"http:\/\/timbre-online.com\/en\/wp-json\/wp\/v2\/media\/21611"}],"wp:attachment":[{"href":"http:\/\/timbre-online.com\/en\/wp-json\/wp\/v2\/media?parent=21609"}],"wp:term":[{"taxonomy":"product_cat","embeddable":true,"href":"http:\/\/timbre-online.com\/en\/wp-json\/wp\/v2\/product_cat?post=21609"},{"taxonomy":"product_tag","embeddable":true,"href":"http:\/\/timbre-online.com\/en\/wp-json\/wp\/v2\/product_tag?post=21609"}],"curies":[{"name":"wp","href":"https:\/\/api.w.org\/{rel}","templated":true}]}}