{"id":21591,"date":"2022-05-24T05:43:30","date_gmt":"2022-05-24T05:43:30","guid":{"rendered":"http:\/\/timbre-online.com\/?post_type=product&#038;p=21591"},"modified":"2022-10-18T10:51:18","modified_gmt":"2022-10-18T10:51:18","slug":"1991-molii-iii","status":"publish","type":"product","link":"http:\/\/timbre-online.com\/en\/product\/1991-molii-iii\/","title":{"rendered":"1990-Expozi\u0163ia Interna\u0163ional\u0103 Horticol\u0103 EXPO &#8217;90, Osaka."},"content":{"rendered":"","protected":false},"excerpt":{"rendered":"<p>1990-Expozi\u0163ia Interna\u0163ional\u0103 Horticol\u0103 EXPO &#8217;90, Osaka.<br \/>\nMichel 740-743 &#8211; nestampilat<\/p>","protected":false},"featured_media":21597,"template":"","meta":[],"product_cat":[639,51],"product_tag":[169],"_links":{"self":[{"href":"http:\/\/timbre-online.com\/en\/wp-json\/wp\/v2\/product\/21591"}],"collection":[{"href":"http:\/\/timbre-online.com\/en\/wp-json\/wp\/v2\/product"}],"about":[{"href":"http:\/\/timbre-online.com\/en\/wp-json\/wp\/v2\/types\/product"}],"wp:featuredmedia":[{"embeddable":true,"href":"http:\/\/timbre-online.com\/en\/wp-json\/wp\/v2\/media\/21597"}],"wp:attachment":[{"href":"http:\/\/timbre-online.com\/en\/wp-json\/wp\/v2\/media?parent=21591"}],"wp:term":[{"taxonomy":"product_cat","embeddable":true,"href":"http:\/\/timbre-online.com\/en\/wp-json\/wp\/v2\/product_cat?post=21591"},{"taxonomy":"product_tag","embeddable":true,"href":"http:\/\/timbre-online.com\/en\/wp-json\/wp\/v2\/product_tag?post=21591"}],"curies":[{"name":"wp","href":"https:\/\/api.w.org\/{rel}","templated":true}]}}