{"id":18782,"date":"2022-01-08T10:59:16","date_gmt":"2022-01-08T10:59:16","guid":{"rendered":"http:\/\/timbre-online.com\/?post_type=product&#038;p=18782"},"modified":"2022-01-13T21:03:28","modified_gmt":"2022-01-13T21:03:28","slug":"2010-pasari-de-apa","status":"publish","type":"product","link":"http:\/\/timbre-online.com\/en\/product\/2010-pasari-de-apa\/","title":{"rendered":"2010-P\u0103s\u0103ri de ap\u0103."},"content":{"rendered":"","protected":false},"excerpt":{"rendered":"<p>2010-P\u0103s\u0103ri de ap\u0103.<br \/>\nMichel 690-691 klb &#8211; nestampilat<\/p>","protected":false},"featured_media":18783,"template":"","meta":[],"product_cat":[568],"product_tag":[94],"_links":{"self":[{"href":"http:\/\/timbre-online.com\/en\/wp-json\/wp\/v2\/product\/18782"}],"collection":[{"href":"http:\/\/timbre-online.com\/en\/wp-json\/wp\/v2\/product"}],"about":[{"href":"http:\/\/timbre-online.com\/en\/wp-json\/wp\/v2\/types\/product"}],"wp:featuredmedia":[{"embeddable":true,"href":"http:\/\/timbre-online.com\/en\/wp-json\/wp\/v2\/media\/18783"}],"wp:attachment":[{"href":"http:\/\/timbre-online.com\/en\/wp-json\/wp\/v2\/media?parent=18782"}],"wp:term":[{"taxonomy":"product_cat","embeddable":true,"href":"http:\/\/timbre-online.com\/en\/wp-json\/wp\/v2\/product_cat?post=18782"},{"taxonomy":"product_tag","embeddable":true,"href":"http:\/\/timbre-online.com\/en\/wp-json\/wp\/v2\/product_tag?post=18782"}],"curies":[{"name":"wp","href":"https:\/\/api.w.org\/{rel}","templated":true}]}}