{"id":16881,"date":"2021-10-29T06:59:16","date_gmt":"2021-10-29T06:59:16","guid":{"rendered":"http:\/\/timbre-online.com\/?post_type=product&#038;p=16881"},"modified":"2025-11-20T19:03:54","modified_gmt":"2025-11-20T19:03:54","slug":"2008-animale-in-gradina-zoologica-din-havana","status":"publish","type":"product","link":"http:\/\/timbre-online.com\/en\/product\/2008-animale-in-gradina-zoologica-din-havana\/","title":{"rendered":"2008-Animale \u00een gr\u0103dina zoologic\u0103 din Havana."},"content":{"rendered":"","protected":false},"excerpt":{"rendered":"<p>2008-Animale \u00een gr\u0103dina zoologic\u0103 din Havana.<br \/>\nMichel 5100-5105 + bloc 244 serie + colita nestampilate<\/p>","protected":false},"featured_media":16882,"template":"","meta":[],"product_cat":[517,51],"product_tag":[103,456],"_links":{"self":[{"href":"http:\/\/timbre-online.com\/en\/wp-json\/wp\/v2\/product\/16881"}],"collection":[{"href":"http:\/\/timbre-online.com\/en\/wp-json\/wp\/v2\/product"}],"about":[{"href":"http:\/\/timbre-online.com\/en\/wp-json\/wp\/v2\/types\/product"}],"wp:featuredmedia":[{"embeddable":true,"href":"http:\/\/timbre-online.com\/en\/wp-json\/wp\/v2\/media\/16882"}],"wp:attachment":[{"href":"http:\/\/timbre-online.com\/en\/wp-json\/wp\/v2\/media?parent=16881"}],"wp:term":[{"taxonomy":"product_cat","embeddable":true,"href":"http:\/\/timbre-online.com\/en\/wp-json\/wp\/v2\/product_cat?post=16881"},{"taxonomy":"product_tag","embeddable":true,"href":"http:\/\/timbre-online.com\/en\/wp-json\/wp\/v2\/product_tag?post=16881"}],"curies":[{"name":"wp","href":"https:\/\/api.w.org\/{rel}","templated":true}]}}