{"id":8013,"date":"2020-06-16T13:49:32","date_gmt":"2020-06-16T13:49:32","guid":{"rendered":"http:\/\/timbre-online.com\/glade\/"},"modified":"2020-06-16T13:49:32","modified_gmt":"2020-06-16T13:49:32","slug":"glade","status":"publish","type":"page","link":"http:\/\/timbre-online.com\/en\/glade\/","title":{"rendered":"Timbre online in Glade"},"content":{"rendered":"<h3>Mul\u021bumim c\u0103 vizitati site-ul nostru.TIMBRE ONLINE in Glade este un site dezvoltat global, realizat pentru oameni din toat\u0103 lumea,colectionari sau filatelisti. Ideea original\u0103 a fost dezvoltat\u0103 de un mic grup de colec\u021bionari de timbre. Rezultatele anilor de munc\u0103 sunt \u00een sf\u00e2r\u0219it online, la dispozi\u021bia dvs.Mai jos dorim s\u0103 v\u0103 \u00eemp\u0103rt\u0103\u0219im mai multe despre planurile noastre legate de site-ul nostru.TIMBRE ONLINE in Gladeeste un loc de \u00eent\u00e2lnire pentru filateli\u0219ti \u0219i colec\u021bionari de timbre. Scopul nostru este acela de a u\u0219ura activitatea de colec\u021bionare a timbrelor.<\/h3>","protected":false},"excerpt":{"rendered":"<p>Mul\u021bumim c\u0103 vizitati site-ul nostru.TIMBRE ONLINE in Glade este un site dezvoltat global, realizat pentru oameni din toat\u0103 lumea,colectionari sau filatelisti. Ideea original\u0103 a fost dezvoltat\u0103<span class=\"excerpt-hellip\"> [\u2026]<\/span><\/p>","protected":false},"author":0,"featured_media":0,"parent":0,"menu_order":0,"comment_status":"closed","ping_status":"closed","template":"","meta":{"footnotes":""},"_links":{"self":[{"href":"http:\/\/timbre-online.com\/en\/wp-json\/wp\/v2\/pages\/8013"}],"collection":[{"href":"http:\/\/timbre-online.com\/en\/wp-json\/wp\/v2\/pages"}],"about":[{"href":"http:\/\/timbre-online.com\/en\/wp-json\/wp\/v2\/types\/page"}],"replies":[{"embeddable":true,"href":"http:\/\/timbre-online.com\/en\/wp-json\/wp\/v2\/comments?post=8013"}],"version-history":[{"count":0,"href":"http:\/\/timbre-online.com\/en\/wp-json\/wp\/v2\/pages\/8013\/revisions"}],"wp:attachment":[{"href":"http:\/\/timbre-online.com\/en\/wp-json\/wp\/v2\/media?parent=8013"}],"curies":[{"name":"wp","href":"https:\/\/api.w.org\/{rel}","templated":true}]}}